{"id":45343,"date":"2025-04-02T09:26:31","date_gmt":"2025-04-02T09:26:31","guid":{"rendered":"https:\/\/shop.airocollect.com\/datenschutzbestimmungen\/"},"modified":"2025-04-02T09:26:31","modified_gmt":"2025-04-02T09:26:31","slug":"datenschutzbestimmungen","status":"publish","type":"page","link":"https:\/\/shop.airocollect.com\/de\/datenschutzbestimmungen\/","title":{"rendered":"Datenschutzbestimmungen"},"content":{"rendered":"<h2>WAS?<\/h2>\n<p>Dies ist die Datenschutzrichtlinie von Airobot NV. Airobot NV ist eine nach belgischem Recht gegr\u00fcndete Gesellschaft mit beschr\u00e4nkter Haftung, deren Sitz sich in 3800 Sint-Truiden, Lichtenberglaan 1090 befindet und die bei der &#8222;Kruispuntbank van Ondernemingen&#8220; unter der Nummer 0603.992.571 registriert ist (&#8222;Airobot NV&#8220; oder &#8222;wir&#8220;). <\/p>\n<p>Diese Datenschutzrichtlinie kann ge\u00e4ndert werden, zum Beispiel als Reaktion auf neue Funktionen auf der Website oder um neuen gesetzlichen, vertraglichen oder administrativen Verpflichtungen nachzukommen. Wir empfehlen Ihnen daher, diese Datenschutzrichtlinie regelm\u00e4\u00dfig zu lesen. Wichtige \u00c4nderungen werden \u00fcber unsere Website bekannt gegeben. Diese Version der Datenschutzrichtlinie wurde zuletzt am 1. September 2023 ge\u00e4ndert.   <\/p>\n<p>Wenn Sie einen unserer Dienste nutzen, bitten wir Sie um die Angabe bestimmter pers\u00f6nlicher Daten. Diese Daten werden verwendet, um unsere Dienstleistungen zu erbringen. Die Daten werden auf belgischen Servern gespeichert.  <\/p>\n<p>Im Folgenden m\u00f6chten wir Ihnen weitere Erl\u00e4uterungen zu unserer Verarbeitung personenbezogener Daten geben, die \u00fcber die Website airocollect.com und\/oder online sowie im Rahmen unserer Dienstleistungen erfolgt. Diese Datenschutzrichtlinie sollte zusammen mit der Cookie-Richtlinie gelesen werden, die Sie hier COOKIE POLICY finden k\u00f6nnen. <\/p>\n<h2>VERANTWORTLICH<\/h2>\n<p>Airobot NV ist der <span style=\"font-size: 1rem; color: var( --e-global-color-text ); font-family: var( --e-global-typography-text-font-family ), Sans-serif; font-weight: var( --e-global-typography-text-font-weight ); background-color: var(--bs-body-bg); text-align: var(--bs-body-text-align);\">Verantwortliche f\u00fcr die Verarbeitung und Speicherung von personenbezogenen Daten.<\/span><\/p>\n<p>Bei der Erfassung und Verarbeitung Ihrer personenbezogenen Daten halten wir uns an die belgischen Vorschriften zum Schutz personenbezogener Daten sowie an die Allgemeine Datenschutzverordnung (&#8222;GDPR&#8220;), die am 25. Mai 2018 in Kraft getreten ist.<\/p>\n<p>Die Kontakt-E-Mail-Adresse lautet: contact@airobot.eu mit der Betreffzeile &#8222;GDPR &#8211; meine Daten&#8220;.<\/p>\n<h2>VERARBEITUNGSZWECKE UND RECHTSGRUNDLAGE.<\/h2>\n<p>Die Zwecke dieser Verarbeitungen sind zum einen die Erf\u00fcllung der Vereinbarungen mit unseren Kunden, die Kundenverwaltung, die Rechnungsstellung und die Buchhaltung und zum anderen die Anwendung des Gesetzes vom 18. September 2017 zur Verhinderung von Geldw\u00e4sche und Terrorismusfinanzierung und zur Beschr\u00e4nkung der Nutzung von Kontakten (im Folgenden: Anti-Geldw\u00e4sche-Gesetzgebung).<\/p>\n<p>Die rechtlichen Gr\u00fcnde sind die Erf\u00fcllung des Vertrags, die Erf\u00fcllung gesetzlicher und beh\u00f6rdlicher Verpflichtungen und\/oder unser berechtigtes Interesse.<\/p>\n<p><!-- \/wp:heading --><\/p>\n<p><!-- wp:paragraph --><\/p>\n<h2>VERARBEITUNG VON PERSONENBEZOGENEN DATEN<\/h2>\n<p>Je nach Ihren Aktivit\u00e4ten und Ihrer Beziehung zu unserer Kanzlei verarbeiten wir die folgenden personenbezogenen Daten: Ihre pers\u00f6nlichen Identifikationsdaten; nationale Registernummer; Identifikationsdaten im Rahmen der Gesetzgebung zur Bek\u00e4mpfung von Geldw\u00e4sche; Daten \u00fcber Solvenz, Versicherungen; Finanztransaktionen; CBE-Nummer, berufliche T\u00e4tigkeiten; Vereinbarungen und Abrechnungen; Lizenzen; pers\u00f6nliche Angaben; Einwandererstatus; gehaltene Mandate; Beschwerden, Vorf\u00e4lle oder Unf\u00e4lle; Familienzusammensetzung, Ehe oder aktuelle Form des Zusammenlebens; Mitgliedschaften in Vereinen, Organisationen, Gruppen oder Berufsverb\u00e4nden; gerichtliche Daten \u00fcber Verd\u00e4chtigungen, Verurteilungen und Urteile, gerichtliche Ma\u00dfnahmen oder Verwaltungssanktionen; derzeitige Besch\u00e4ftigung; Gehaltsdaten, soweit f\u00fcr die Bearbeitung der Akte erforderlich; Daten von Personen unter 16 Jahren; Bild- und Tonmaterial, das f\u00fcr die Bearbeitung der Akte oder im Rahmen einer Schulung oder Veranstaltung erforderlich ist.<\/p>\n<p>Im Rahmen der Zusammenarbeit mit Airobot NV k\u00f6nnen diese Daten an Dritte weitergegeben werden, sofern dies im Rahmen der Dienstleistung und der Notwendigkeit der Akte geschieht (z.B. Notar, Gericht, Gerichtsvollzieher, &#8230;).<\/p>\n<p>Diese Daten werden nicht f\u00fcr kommerzielle Zwecke verwendet. Airobot NV kann diese Daten in seiner Datenbank speichern und sie verwenden, um dem Kunden im Rahmen seiner Dienstleistungen Nachrichten, einschlie\u00dflich kommerzieller Nachrichten, zu senden. <\/p>\n<h2>WARNUNG<\/h2>\n<p>Durch den Einsatz digitaler Kommunikation und die Nutzung verschiedener Apps wie Messenger, Facetime, Whatsapp, We transfer, Zoom, Videokonferenzen usw. im Rahmen unserer Dienstleistungen ist es nicht ausgeschlossen, dass digitale Kommunikationsmittel sowohl von Ihnen als auch von mir oder einer von mir beauftragten Person genutzt werden. Bitte beachten Sie, dass die Verwendung dieser Kommunikationsmittel nicht die gleiche absolute Vertraulichkeit garantieren kann wie eine pers\u00f6nliche Beratung. Wenn der Kunde dem nicht zustimmen kann, sollte er ausdr\u00fccklich um eine pers\u00f6nliche Beratung bitten. Wenn Sie sich f\u00fcr ein digitales Treffen mit Aufzeichnung des Gespr\u00e4chs entscheiden, muss der Klient seine Zustimmung vor dieser Beratung schriftlich an Airobot NV geben. In jedem Fall genehmigt Airobot NV in keiner Weise die Aufnahme oder Aufzeichnung eines beruflichen Gespr\u00e4chs ohne die ausdr\u00fcckliche, vorherige und schriftliche Zustimmung des Kunden.    <\/p>\n<p><!-- \/wp:paragraph --><\/p>\n<p><!-- wp:heading --><\/p>\n<h2>DAUER DER BEARBEITUNG<\/h2>\n<p>Personenbezogene Daten werden von uns f\u00fcr einen Zeitraum aufbewahrt und verarbeitet, der f\u00fcr die Zwecke der Verarbeitung und f\u00fcr die Beziehung (vertraglich oder anderweitig), die wir mit Ihnen haben, erforderlich ist.<\/p>\n<p>In jedem Fall werden Ihre Daten nach einem Zeitraum von f\u00fcnf Jahren nach Beendigung des Vertrags, der Akte, der Zusammenarbeit oder des Projekts aus unseren Systemen gel\u00f6scht, au\u00dfer im Hinblick auf solche personenbezogenen Daten, die wir aufgrund spezifischer Gesetze oder im Falle eines laufenden Rechtsstreits, f\u00fcr den die personenbezogenen Daten noch erforderlich sind, l\u00e4nger aufbewahren m\u00fcssen.<\/p>","protected":false},"excerpt":{"rendered":"<p>WAS? Dies ist die Datenschutzrichtlinie von Airobot NV. Airobot NV ist eine nach belgischem Recht gegr\u00fcndete Gesellschaft mit beschr\u00e4nkter Haftung, [&hellip;]<\/p>\n","protected":false},"author":1,"featured_media":0,"parent":0,"menu_order":0,"comment_status":"closed","ping_status":"closed","template":"","meta":{"_acf_changed":false,"site-sidebar-layout":"default","site-content-layout":"","ast-site-content-layout":"","site-content-style":"default","site-sidebar-style":"default","ast-global-header-display":"","ast-banner-title-visibility":"","ast-main-header-display":"","ast-hfb-above-header-display":"","ast-hfb-below-header-display":"","ast-hfb-mobile-header-display":"","site-post-title":"","ast-breadcrumbs-content":"","ast-featured-img":"","footer-sml-layout":"","theme-transparent-header-meta":"","adv-header-id-meta":"","stick-header-meta":"","header-above-stick-meta":"","header-main-stick-meta":"","header-below-stick-meta":"","astra-migrate-meta-layouts":"default","ast-page-background-enabled":"default","ast-page-background-meta":{"desktop":{"background-color":"var(--ast-global-color-5)","background-image":"","background-repeat":"repeat","background-position":"center center","background-size":"auto","background-attachment":"scroll","background-type":"","background-media":"","overlay-type":"","overlay-color":"","overlay-opacity":"","overlay-gradient":""},"tablet":{"background-color":"","background-image":"","background-repeat":"repeat","background-position":"center center","background-size":"auto","background-attachment":"scroll","background-type":"","background-media":"","overlay-type":"","overlay-color":"","overlay-opacity":"","overlay-gradient":""},"mobile":{"background-color":"","background-image":"","background-repeat":"repeat","background-position":"center center","background-size":"auto","background-attachment":"scroll","background-type":"","background-media":"","overlay-type":"","overlay-color":"","overlay-opacity":"","overlay-gradient":""}},"ast-content-background-meta":{"desktop":{"background-color":"var(--ast-global-color-4)","background-image":"","background-repeat":"repeat","background-position":"center center","background-size":"auto","background-attachment":"scroll","background-type":"","background-media":"","overlay-type":"","overlay-color":"","overlay-opacity":"","overlay-gradient":""},"tablet":{"background-color":"var(--ast-global-color-4)","background-image":"","background-repeat":"repeat","background-position":"center center","background-size":"auto","background-attachment":"scroll","background-type":"","background-media":"","overlay-type":"","overlay-color":"","overlay-opacity":"","overlay-gradient":""},"mobile":{"background-color":"var(--ast-global-color-4)","background-image":"","background-repeat":"repeat","background-position":"center center","background-size":"auto","background-attachment":"scroll","background-type":"","background-media":"","overlay-type":"","overlay-color":"","overlay-opacity":"","overlay-gradient":""}},"footnotes":""},"acf":[],"jetpack_sharing_enabled":true,"_links":{"self":[{"href":"https:\/\/shop.airocollect.com\/de\/wp-json\/wp\/v2\/pages\/45343"}],"collection":[{"href":"https:\/\/shop.airocollect.com\/de\/wp-json\/wp\/v2\/pages"}],"about":[{"href":"https:\/\/shop.airocollect.com\/de\/wp-json\/wp\/v2\/types\/page"}],"author":[{"embeddable":true,"href":"https:\/\/shop.airocollect.com\/de\/wp-json\/wp\/v2\/users\/1"}],"replies":[{"embeddable":true,"href":"https:\/\/shop.airocollect.com\/de\/wp-json\/wp\/v2\/comments?post=45343"}],"version-history":[{"count":1,"href":"https:\/\/shop.airocollect.com\/de\/wp-json\/wp\/v2\/pages\/45343\/revisions"}],"predecessor-version":[{"id":45344,"href":"https:\/\/shop.airocollect.com\/de\/wp-json\/wp\/v2\/pages\/45343\/revisions\/45344"}],"wp:attachment":[{"href":"https:\/\/shop.airocollect.com\/de\/wp-json\/wp\/v2\/media?parent=45343"}],"curies":[{"name":"wp","href":"https:\/\/api.w.org\/{rel}","templated":true}]}}