{"id":45345,"date":"2025-04-02T09:27:02","date_gmt":"2025-04-02T09:27:02","guid":{"rendered":"https:\/\/shop.airocollect.com\/politica-de-privacidad\/"},"modified":"2025-04-02T09:27:02","modified_gmt":"2025-04-02T09:27:02","slug":"politica-de-privacidad","status":"publish","type":"page","link":"https:\/\/shop.airocollect.com\/es\/politica-de-privacidad\/","title":{"rendered":"Pol\u00edtica de privacidad"},"content":{"rendered":"<h2>\u00bfQU\u00c9?<\/h2>\n<p>Esta es la Pol\u00edtica de Privacidad de Airobot NV. Airobot NV es una sociedad privada de responsabilidad limitada constituida de conformidad con la legislaci\u00f3n belga, con domicilio social en 3800 Sint-Truiden, Lichtenberglaan 1090 y registrada en el \u00abKruispuntbank van Ondernemingen\u00bb con el n\u00famero 0603.992.571 (\u00abAirobot NV\u00bb o \u00abnosotros\u00bb). <\/p>\n<p>Esta Pol\u00edtica de Privacidad puede ser modificada, por ejemplo, en respuesta a nuevas caracter\u00edsticas del sitio web o para cumplir con nuevas obligaciones legales, contractuales o administrativas. Por lo tanto, te recomendamos que consultes esta Pol\u00edtica de Privacidad con regularidad. Los cambios importantes se anunciar\u00e1n a trav\u00e9s de nuestro sitio web. Esta versi\u00f3n de la Pol\u00edtica de Privacidad fue modificada por \u00faltima vez el 1 de septiembre de 2023.   <\/p>\n<p>Cuando utilizas cualquiera de nuestros servicios, te pedimos que nos proporciones ciertos datos personales. Estos datos se utilizan para prestar nuestros servicios. Los datos se almacenan en servidores belgas.  <\/p>\n<p>A continuaci\u00f3n te ofrecemos m\u00e1s explicaciones sobre nuestro tratamiento de datos personales que tiene lugar a trav\u00e9s del sitio web airocollect.com y\/o en l\u00ednea, as\u00ed como en el marco de nuestros servicios. Esta Pol\u00edtica de Privacidad debe leerse junto con la Pol\u00edtica de Cookies, que puede encontrarse aqu\u00ed POL\u00cdTICA DE COOKIES. <\/p>\n<h2>RESPONSABLE<\/h2>\n<p>Airobot NV es el <span style=\"font-size: 1rem; color: var( --e-global-color-text ); font-family: var( --e-global-typography-text-font-family ), Sans-serif; font-weight: var( --e-global-typography-text-font-weight ); background-color: var(--bs-body-bg); text-align: var(--bs-body-text-align);\">responsable del tratamiento y almacenamiento de los datos personales.<\/span><\/p>\n<p>Al recopilar y procesar tus datos personales, respetamos la normativa belga sobre protecci\u00f3n de datos personales, as\u00ed como el Reglamento General de Protecci\u00f3n de Datos (\u00abRGPD\u00bb) a partir de su entrada en vigor el 25 de mayo de 2018.<\/p>\n<p>La direcci\u00f3n de correo electr\u00f3nico de contacto es: contact@airobot.eu con el asunto \u00abGDPR &#8211; mis datos\u00bb.<\/p>\n<h2>FINES DEL TRATAMIENTO Y BASE JUR\u00cdDICA.<\/h2>\n<p>Las finalidades de estos tratamientos son, por una parte, la ejecuci\u00f3n de los contratos con nuestros clientes, la gesti\u00f3n de clientes, la facturaci\u00f3n y la contabilidad y, por otra parte, la aplicaci\u00f3n de la Ley de 18 de septiembre de 2017 relativa a la prevenci\u00f3n del blanqueo de capitales y de la financiaci\u00f3n del terrorismo y a la limitaci\u00f3n del uso de contactos (en lo sucesivo: legislaci\u00f3n contra el blanqueo de capitales).<\/p>\n<p>Los motivos legales son la ejecuci\u00f3n del contrato, el cumplimiento de obligaciones legales y reglamentarias y\/o nuestro inter\u00e9s leg\u00edtimo.<\/p>\n<p><!-- \/wp:heading --><\/p>\n<p><!-- wp:paragraph --><\/p>\n<h2>TRATAMIENTO DE DATOS PERSONALES<\/h2>\n<p>En funci\u00f3n de tus actividades y de tu relaci\u00f3n con nuestra empresa, tratamos los siguientes datos personales: tus datos de identificaci\u00f3n personal; n\u00famero de registro nacional; datos de identificaci\u00f3n conforme a la legislaci\u00f3n contra el blanqueo de capitales; datos sobre solvencia, seguros; transacciones financieras; n\u00famero CBE, actividades profesionales; acuerdos y convenios; licencias; datos personales; condici\u00f3n de inmigrante; mandatos desempe\u00f1ados; quejas, incidentes o accidentes; composici\u00f3n familiar, matrimonio o forma actual de convivencia; pertenencia a asociaciones, organizaciones, agrupaciones o sociedades profesionales; datos judiciales relativos a sospechas, condenas y sentencias, medidas judiciales o sanciones administrativas; empleo actual; datos salariales en la medida necesaria para la tramitaci\u00f3n del expediente; datos de menores de 16 a\u00f1os; material visual y sonoro necesario para la tramitaci\u00f3n del expediente o en el contexto de una formaci\u00f3n o evento.<\/p>\n<p>En el marco de la cooperaci\u00f3n con Airobot NV, estos datos pueden ser comunicados a terceros, en la medida en que ello tenga lugar en el marco del servicio y de la necesidad del expediente (por ejemplo, notario, tribunal, agente judicial, &#8230;).<\/p>\n<p>Estos datos no se utilizar\u00e1n con fines comerciales. Airobot NV podr\u00e1 almacenar estos datos en su base de datos y utilizarlos para enviar mensajes, incluidos mensajes comerciales, al Cliente en el contexto de sus servicios. <\/p>\n<h2>ADVERTENCIA<\/h2>\n<p>Como consecuencia del uso de la comunicaci\u00f3n digital y de la utilizaci\u00f3n de diversas apps como messenger, Facetime, whatsapp, We transfer, Zoom, videoconferencia, etc. en el marco de nuestros servicios, no se excluye que se utilicen medios digitales de comunicaci\u00f3n tanto por tu parte como por la m\u00eda o por una persona designada por m\u00ed. Ten en cuenta que el uso de estos medios de comunicaci\u00f3n no puede garantizar la misma confidencialidad absoluta que una consulta presencial. Si el cliente no puede aceptarlo, deber\u00e1 solicitar expl\u00edcitamente una consulta personal. Cuando opte por una reuni\u00f3n digital con grabaci\u00f3n de la conversaci\u00f3n, el cliente deber\u00e1 dar su consentimiento por escrito a Airobot NV correspondiente antes de dicha consulta. En cualquier caso, Airobot NV no autoriza en modo alguno la grabaci\u00f3n o registro de una conversaci\u00f3n profesional sin su consentimiento expreso, previo y por escrito.    <\/p>\n<p><!-- \/wp:paragraph --><\/p>\n<p><!-- wp:heading --><\/p>\n<h2>DURACI\u00d3N DEL TRATAMIENTO<\/h2>\n<p>Los datos personales ser\u00e1n conservados y tratados por nosotros durante el per\u00edodo necesario en funci\u00f3n de los fines del tratamiento y en funci\u00f3n de la relaci\u00f3n (contractual o de otro tipo) que mantengamos contigo.<\/p>\n<p>En cualquier caso, tus datos ser\u00e1n eliminados de nuestros sistemas una vez transcurrido un plazo de cinco a\u00f1os desde la finalizaci\u00f3n del acuerdo, expediente, colaboraci\u00f3n o proyecto, salvo en lo que respecta a aquellos datos personales que debamos conservar durante m\u00e1s tiempo en virtud de una legislaci\u00f3n espec\u00edfica o en caso de un litigio en curso para el que los datos personales sigan siendo necesarios.<\/p>","protected":false},"excerpt":{"rendered":"<p>\u00bfQU\u00c9? Esta es la Pol\u00edtica de Privacidad de Airobot NV. Airobot NV es una sociedad privada de responsabilidad limitada constituida [&hellip;]<\/p>\n","protected":false},"author":1,"featured_media":0,"parent":0,"menu_order":0,"comment_status":"closed","ping_status":"closed","template":"","meta":{"_acf_changed":false,"site-sidebar-layout":"default","site-content-layout":"","ast-site-content-layout":"","site-content-style":"default","site-sidebar-style":"default","ast-global-header-display":"","ast-banner-title-visibility":"","ast-main-header-display":"","ast-hfb-above-header-display":"","ast-hfb-below-header-display":"","ast-hfb-mobile-header-display":"","site-post-title":"","ast-breadcrumbs-content":"","ast-featured-img":"","footer-sml-layout":"","theme-transparent-header-meta":"","adv-header-id-meta":"","stick-header-meta":"","header-above-stick-meta":"","header-main-stick-meta":"","header-below-stick-meta":"","astra-migrate-meta-layouts":"default","ast-page-background-enabled":"default","ast-page-background-meta":{"desktop":{"background-color":"var(--ast-global-color-5)","background-image":"","background-repeat":"repeat","background-position":"center center","background-size":"auto","background-attachment":"scroll","background-type":"","background-media":"","overlay-type":"","overlay-color":"","overlay-opacity":"","overlay-gradient":""},"tablet":{"background-color":"","background-image":"","background-repeat":"repeat","background-position":"center center","background-size":"auto","background-attachment":"scroll","background-type":"","background-media":"","overlay-type":"","overlay-color":"","overlay-opacity":"","overlay-gradient":""},"mobile":{"background-color":"","background-image":"","background-repeat":"repeat","background-position":"center center","background-size":"auto","background-attachment":"scroll","background-type":"","background-media":"","overlay-type":"","overlay-color":"","overlay-opacity":"","overlay-gradient":""}},"ast-content-background-meta":{"desktop":{"background-color":"var(--ast-global-color-4)","background-image":"","background-repeat":"repeat","background-position":"center center","background-size":"auto","background-attachment":"scroll","background-type":"","background-media":"","overlay-type":"","overlay-color":"","overlay-opacity":"","overlay-gradient":""},"tablet":{"background-color":"var(--ast-global-color-4)","background-image":"","background-repeat":"repeat","background-position":"center center","background-size":"auto","background-attachment":"scroll","background-type":"","background-media":"","overlay-type":"","overlay-color":"","overlay-opacity":"","overlay-gradient":""},"mobile":{"background-color":"var(--ast-global-color-4)","background-image":"","background-repeat":"repeat","background-position":"center center","background-size":"auto","background-attachment":"scroll","background-type":"","background-media":"","overlay-type":"","overlay-color":"","overlay-opacity":"","overlay-gradient":""}},"footnotes":""},"acf":[],"jetpack_sharing_enabled":true,"_links":{"self":[{"href":"https:\/\/shop.airocollect.com\/es\/wp-json\/wp\/v2\/pages\/45345"}],"collection":[{"href":"https:\/\/shop.airocollect.com\/es\/wp-json\/wp\/v2\/pages"}],"about":[{"href":"https:\/\/shop.airocollect.com\/es\/wp-json\/wp\/v2\/types\/page"}],"author":[{"embeddable":true,"href":"https:\/\/shop.airocollect.com\/es\/wp-json\/wp\/v2\/users\/1"}],"replies":[{"embeddable":true,"href":"https:\/\/shop.airocollect.com\/es\/wp-json\/wp\/v2\/comments?post=45345"}],"version-history":[{"count":1,"href":"https:\/\/shop.airocollect.com\/es\/wp-json\/wp\/v2\/pages\/45345\/revisions"}],"predecessor-version":[{"id":45346,"href":"https:\/\/shop.airocollect.com\/es\/wp-json\/wp\/v2\/pages\/45345\/revisions\/45346"}],"wp:attachment":[{"href":"https:\/\/shop.airocollect.com\/es\/wp-json\/wp\/v2\/media?parent=45345"}],"curies":[{"name":"wp","href":"https:\/\/api.w.org\/{rel}","templated":true}]}}