{"id":13915,"date":"2023-09-13T14:33:03","date_gmt":"2023-09-13T14:33:03","guid":{"rendered":"https:\/\/shop.airocollect.com\/privacy-policy\/"},"modified":"2023-11-14T14:35:35","modified_gmt":"2023-11-14T14:35:35","slug":"privacy-policy","status":"publish","type":"page","link":"https:\/\/shop.airocollect.com\/fr\/privacy-policy\/","title":{"rendered":"Politique de confidentialit\u00e9"},"content":{"rendered":"<h2>QUOI ?<\/h2>\n<p>Ceci est la politique de confidentialit\u00e9 d&rsquo;Airobot NV. Airobot NV est une soci\u00e9t\u00e9 anonyme de droit belge, dont le si\u00e8ge social est situ\u00e9 \u00e0 3800 Sint-Truiden, Lichtenberglaan 1090 et qui est enregistr\u00e9e aupr\u00e8s de la \u00ab\u00a0Kruispuntbank van Ondernemingen\u00a0\u00bb sous le num\u00e9ro 0603.992.571 (\u00ab\u00a0Airobot NV\u00a0\u00bb ou \u00ab\u00a0nous\u00a0\u00bb).<\/p>\n<p>La pr\u00e9sente politique de confidentialit\u00e9 peut \u00eatre modifi\u00e9e, par exemple en r\u00e9ponse \u00e0 de nouvelles fonctionnalit\u00e9s du site web ou pour se conformer \u00e0 de nouvelles obligations l\u00e9gales, contractuelles ou administratives. Nous vous encourageons donc \u00e0 consulter r\u00e9guli\u00e8rement la pr\u00e9sente politique de confidentialit\u00e9. Les changements importants seront annonc\u00e9s sur notre site web. Cette version de la politique de confidentialit\u00e9 a \u00e9t\u00e9 modifi\u00e9e pour la derni\u00e8re fois le 1er septembre 2023.<\/p>\n<p>Lorsque vous utilisez l&rsquo;un de nos services, nous vous demandons de fournir certaines donn\u00e9es personnelles. Ces donn\u00e9es sont utilis\u00e9es pour fournir nos services. Les donn\u00e9es sont stock\u00e9es sur des serveurs belges.<\/p>\n<p>Nous souhaitons donner ci-dessous de plus amples explications concernant notre traitement des donn\u00e9es personnelles qui a lieu via le site web airocollect.com et\/ou en ligne, ainsi que dans le cadre de nos services. La pr\u00e9sente politique de confidentialit\u00e9 doit \u00eatre lue conjointement avec la politique en mati\u00e8re de cookies, qui peut \u00eatre consult\u00e9e ici POLITIQUE EN MATI\u00c8RE DE COOKIE.<\/p>\n<h2>RESPONSABLE<\/h2>\n<p>Airobot NV est le <span style=\"font-size: 1rem; color: var( --e-global-color-text ); font-family: var( --e-global-typography-text-font-family ), Sans-serif; font-weight: var( --e-global-typography-text-font-weight ); background-color: var(--bs-body-bg); text-align: var(--bs-body-text-align);\">responsable du traitement et du stockage des donn\u00e9es \u00e0 caract\u00e8re personnel<\/span>.<\/p>\n<p>Lors de la collecte et du traitement de vos donn\u00e9es personnelles, nous respectons la r\u00e9glementation belge sur la protection des donn\u00e9es personnelles, ainsi que le R\u00e8glement g\u00e9n\u00e9ral sur la protection des donn\u00e9es (\u00a0\u00bb RGPD \u00ab\u00a0) \u00e0 compter de son entr\u00e9e en vigueur le 25 mai 2018.<\/p>\n<p>L&rsquo;adresse \u00e9lectronique de contact est la suivante : contact@airobot.eu avec pour objet \u00ab\u00a0GDPR &#8211; my data\u00a0\u00bb.<\/p>\n<h2>LES FINALIT\u00c9S DU TRAITEMENT ET LA BASE JURIDIQUE.<\/h2>\n<p>Les finalit\u00e9s de ces traitements sont, d&rsquo;une part, l&rsquo;ex\u00e9cution des conventions avec nos clients, la gestion des clients, la facturation et la comptabilit\u00e9 et, d&rsquo;autre part, l&rsquo;application de la loi du 18 septembre 2017 relative \u00e0 la pr\u00e9vention du blanchiment et du financement du terrorisme et \u00e0 la limitation de l&rsquo;utilisation des contacts (ci-apr\u00e8s : l\u00e9gislation anti-blanchiment).<\/p>\n<p>Les fondements juridiques sont l&rsquo;ex\u00e9cution du contrat, le respect des obligations l\u00e9gales et r\u00e9glementaires et\/ou notre int\u00e9r\u00eat l\u00e9gitime.<\/p>\n<p><!-- \/wp:heading --><\/p>\n<p><!-- wp:paragraph --><\/p>\n<h2>TRAITEMENT DES DONN\u00c9ES \u00c0 CARACT\u00c8RE PERSONNEL<\/h2>\n<p>En fonction de vos activit\u00e9s et de votre relation avec notre entreprise, nous traitons les donn\u00e9es personnelles suivantes : vos donn\u00e9es d&rsquo;identification personnelle ; votre num\u00e9ro de registre national ; vos donn\u00e9es d&rsquo;identification en vertu de la l\u00e9gislation anti-blanchiment ; vos donn\u00e9es de solvabilit\u00e9, d&rsquo;assurance ; vos transactions financi\u00e8res ; votre num\u00e9ro CBE, vos activit\u00e9s professionnelles ; vos accords et r\u00e8glements ; vos licences ; vos donn\u00e9es personnelles ; votre statut d&rsquo;immigrant ; les mandats que vous d\u00e9tenez ; vos plaintes, incidents ou accidents ; votre composition familiale, votre mariage ou votre forme actuelle de cohabitation ; l&rsquo;appartenance \u00e0 des associations, organisations, groupes ou soci\u00e9t\u00e9s professionnelles ; les donn\u00e9es judiciaires concernant les soup\u00e7ons, les condamnations et les sentences, les mesures judiciaires ou les sanctions administratives ; l&#8217;emploi actuel ; les donn\u00e9es salariales dans la mesure o\u00f9 elles sont n\u00e9cessaires au traitement du dossier ; les donn\u00e9es des personnes \u00e2g\u00e9es de moins de 16 ans ; le mat\u00e9riel visuel et audio n\u00e9cessaire au traitement du dossier ou dans le cadre d&rsquo;une formation ou d&rsquo;un \u00e9v\u00e9nement.<\/p>\n<p>Dans le cadre de la collaboration avec Airobot NV, ces donn\u00e9es peuvent \u00eatre communiqu\u00e9es \u00e0 des tiers, pour autant que cela se fasse dans le cadre du service et de la n\u00e9cessit\u00e9 du dossier (par exemple, notaire, tribunal, huissier de justice, &#8230;).<\/p>\n<p>Ces donn\u00e9es ne seront pas utilis\u00e9es \u00e0 des fins commerciales. Airobot NV peut stocker ces donn\u00e9es dans sa base de donn\u00e9es et les utiliser pour envoyer des messages, y compris des messages commerciaux, au client dans le cadre de ses services.<\/p>\n<h2>AVERTISSEMENT<\/h2>\n<p>En raison de l&rsquo;utilisation de la communication num\u00e9rique et de l&rsquo;utilisation de diverses applications telles que messenger, Facetime, whatsapp, We transfer, Zoom, vid\u00e9oconf\u00e9rence, etc. dans le cadre de nos services, il n&rsquo;est pas exclu que des moyens de communication num\u00e9riques soient utilis\u00e9s tant par vous que par moi-m\u00eame ou une personne que j&rsquo;ai d\u00e9sign\u00e9e. Veuillez noter que l&rsquo;utilisation de ces moyens de communication ne peut garantir la m\u00eame confidentialit\u00e9 absolue qu&rsquo;une consultation en personne. Si le client n&rsquo;est pas d&rsquo;accord, il doit demander explicitement une consultation personnelle. Lorsqu&rsquo;il opte pour une r\u00e9union num\u00e9rique avec enregistrement de la conversation, le client doit donner son accord par \u00e9crit \u00e0 Airobot NV concern\u00e9e avant cette consultation. En tout \u00e9tat de cause, Airobot NV n&rsquo;autorise en aucun cas l&rsquo;enregistrement ou la captation d&rsquo;une conversation professionnelle de quelque mani\u00e8re que ce soit sans son consentement expr\u00e8s, pr\u00e9alable et \u00e9crit.<\/p>\n<p><!-- \/wp:paragraph --><\/p>\n<p><!-- wp:heading --><\/p>\n<h2>DUR\u00c9E DU TRAITEMENT<\/h2>\n<p>Nous conserverons et traiterons les donn\u00e9es \u00e0 caract\u00e8re personnel pendant la p\u00e9riode n\u00e9cessaire en fonction des finalit\u00e9s du traitement et de la relation (contractuelle ou autre) que nous entretenons avec vous.<\/p>\n<p>En tout \u00e9tat de cause, vos donn\u00e9es seront supprim\u00e9es de nos syst\u00e8mes apr\u00e8s une p\u00e9riode de cinq ans suivant la fin de l&rsquo;accord, du dossier, de la collaboration ou du projet, sauf en ce qui concerne les donn\u00e9es \u00e0 caract\u00e8re personnel que nous sommes tenus de conserver plus longtemps sur la base d&rsquo;une l\u00e9gislation sp\u00e9cifique ou en cas de litige en cours pour lequel les donn\u00e9es \u00e0 caract\u00e8re personnel sont encore n\u00e9cessaires.<\/p>","protected":false},"excerpt":{"rendered":"<p>QUOI ? Ceci est la politique de confidentialit\u00e9 d&rsquo;Airobot NV. Airobot NV est une soci\u00e9t\u00e9 anonyme de droit belge, dont [&hellip;]<\/p>\n","protected":false},"author":1,"featured_media":0,"parent":0,"menu_order":0,"comment_status":"closed","ping_status":"closed","template":"","meta":{"_acf_changed":false,"site-sidebar-layout":"default","site-content-layout":"","ast-site-content-layout":"","site-content-style":"default","site-sidebar-style":"default","ast-global-header-display":"","ast-banner-title-visibility":"","ast-main-header-display":"","ast-hfb-above-header-display":"","ast-hfb-below-header-display":"","ast-hfb-mobile-header-display":"","site-post-title":"","ast-breadcrumbs-content":"","ast-featured-img":"","footer-sml-layout":"","theme-transparent-header-meta":"","adv-header-id-meta":"","stick-header-meta":"","header-above-stick-meta":"","header-main-stick-meta":"","header-below-stick-meta":"","astra-migrate-meta-layouts":"default","ast-page-background-enabled":"default","ast-page-background-meta":{"desktop":{"background-color":"var(--ast-global-color-5)","background-image":"","background-repeat":"repeat","background-position":"center center","background-size":"auto","background-attachment":"scroll","background-type":"","background-media":"","overlay-type":"","overlay-color":"","overlay-opacity":"","overlay-gradient":""},"tablet":{"background-color":"","background-image":"","background-repeat":"repeat","background-position":"center center","background-size":"auto","background-attachment":"scroll","background-type":"","background-media":"","overlay-type":"","overlay-color":"","overlay-opacity":"","overlay-gradient":""},"mobile":{"background-color":"","background-image":"","background-repeat":"repeat","background-position":"center center","background-size":"auto","background-attachment":"scroll","background-type":"","background-media":"","overlay-type":"","overlay-color":"","overlay-opacity":"","overlay-gradient":""}},"ast-content-background-meta":{"desktop":{"background-color":"var(--ast-global-color-4)","background-image":"","background-repeat":"repeat","background-position":"center center","background-size":"auto","background-attachment":"scroll","background-type":"","background-media":"","overlay-type":"","overlay-color":"","overlay-opacity":"","overlay-gradient":""},"tablet":{"background-color":"var(--ast-global-color-4)","background-image":"","background-repeat":"repeat","background-position":"center center","background-size":"auto","background-attachment":"scroll","background-type":"","background-media":"","overlay-type":"","overlay-color":"","overlay-opacity":"","overlay-gradient":""},"mobile":{"background-color":"var(--ast-global-color-4)","background-image":"","background-repeat":"repeat","background-position":"center center","background-size":"auto","background-attachment":"scroll","background-type":"","background-media":"","overlay-type":"","overlay-color":"","overlay-opacity":"","overlay-gradient":""}},"footnotes":""},"acf":[],"jetpack_sharing_enabled":true,"_links":{"self":[{"href":"https:\/\/shop.airocollect.com\/fr\/wp-json\/wp\/v2\/pages\/13915"}],"collection":[{"href":"https:\/\/shop.airocollect.com\/fr\/wp-json\/wp\/v2\/pages"}],"about":[{"href":"https:\/\/shop.airocollect.com\/fr\/wp-json\/wp\/v2\/types\/page"}],"author":[{"embeddable":true,"href":"https:\/\/shop.airocollect.com\/fr\/wp-json\/wp\/v2\/users\/1"}],"replies":[{"embeddable":true,"href":"https:\/\/shop.airocollect.com\/fr\/wp-json\/wp\/v2\/comments?post=13915"}],"version-history":[{"count":3,"href":"https:\/\/shop.airocollect.com\/fr\/wp-json\/wp\/v2\/pages\/13915\/revisions"}],"predecessor-version":[{"id":14932,"href":"https:\/\/shop.airocollect.com\/fr\/wp-json\/wp\/v2\/pages\/13915\/revisions\/14932"}],"wp:attachment":[{"href":"https:\/\/shop.airocollect.com\/fr\/wp-json\/wp\/v2\/media?parent=13915"}],"curies":[{"name":"wp","href":"https:\/\/api.w.org\/{rel}","templated":true}]}}