{"id":11703,"date":"2023-03-10T10:36:50","date_gmt":"2023-03-10T10:36:56","guid":{"rendered":"https:\/\/shop.airocollect.com\/?post_type=product&#038;p=11703"},"modified":"2023-03-10T12:44:04","modified_gmt":"2023-03-10T12:44:04","slug":"business","status":"publish","type":"product","link":"https:\/\/shop.airocollect.com\/fr\/product\/business\/","title":{"rendered":"Business"},"content":{"rendered":"<p>Que comprend notre pack BUSINESS ?<br \/>\n&#8211; un nombre illimit\u00e9 de scans*<br \/>\n&#8211; l&rsquo;acc\u00e8s \u00e0 vos scans pendant la dur\u00e9e de votre abonnement<br \/>\n&#8211; acc\u00e8s aux fonctionnalit\u00e9s de base d&rsquo;airocollect (distance, surfaces, hauteur, pdf)<br \/>\n&#8211; acc\u00e8s pour un maximum de 10 utilisateurs<br \/>\n(- une limite de 250 images par projet)<\/p>\n<p>*le client est limit\u00e9 \u00e0 l&rsquo;utilisation de deux drones avec le Business Pack<\/p>\n","protected":false},"excerpt":{"rendered":"<ul>\n<li>Airocollect Business<\/li>\n<li>Drone DJI MINI2 Combo + carte SD (en option)<\/li>\n<li>Mallette rigide (en option)<\/li>\n<li>Entrainment (en option)<\/li>\n<li>T\u00e9l\u00e9phone intelligent (en option)<\/li>\n<\/ul>\n","protected":false},"featured_media":13660,"template":"","meta":{"_acf_changed":false,"site-sidebar-layout":"default","site-content-layout":"","ast-site-content-layout":"","site-content-style":"default","site-sidebar-style":"default","ast-global-header-display":"","ast-banner-title-visibility":"","ast-main-header-display":"","ast-hfb-above-header-display":"","ast-hfb-below-header-display":"","ast-hfb-mobile-header-display":"","site-post-title":"","ast-breadcrumbs-content":"","ast-featured-img":"","footer-sml-layout":"","theme-transparent-header-meta":"","adv-header-id-meta":"","stick-header-meta":"","header-above-stick-meta":"","header-main-stick-meta":"","header-below-stick-meta":"","astra-migrate-meta-layouts":"default","ast-page-background-enabled":"default","ast-page-background-meta":{"desktop":{"background-color":"var(--ast-global-color-5)","background-image":"","background-repeat":"repeat","background-position":"center center","background-size":"auto","background-attachment":"scroll","background-type":"","background-media":"","overlay-type":"","overlay-color":"","overlay-opacity":"","overlay-gradient":""},"tablet":{"background-color":"","background-image":"","background-repeat":"repeat","background-position":"center center","background-size":"auto","background-attachment":"scroll","background-type":"","background-media":"","overlay-type":"","overlay-color":"","overlay-opacity":"","overlay-gradient":""},"mobile":{"background-color":"","background-image":"","background-repeat":"repeat","background-position":"center center","background-size":"auto","background-attachment":"scroll","background-type":"","background-media":"","overlay-type":"","overlay-color":"","overlay-opacity":"","overlay-gradient":""}},"ast-content-background-meta":{"desktop":{"background-color":"var(--ast-global-color-4)","background-image":"","background-repeat":"repeat","background-position":"center center","background-size":"auto","background-attachment":"scroll","background-type":"","background-media":"","overlay-type":"","overlay-color":"","overlay-opacity":"","overlay-gradient":""},"tablet":{"background-color":"var(--ast-global-color-4)","background-image":"","background-repeat":"repeat","background-position":"center center","background-size":"auto","background-attachment":"scroll","background-type":"","background-media":"","overlay-type":"","overlay-color":"","overlay-opacity":"","overlay-gradient":""},"mobile":{"background-color":"var(--ast-global-color-4)","background-image":"","background-repeat":"repeat","background-position":"center center","background-size":"auto","background-attachment":"scroll","background-type":"","background-media":"","overlay-type":"","overlay-color":"","overlay-opacity":"","overlay-gradient":""}}},"product_cat":[],"product_tag":[],"acf":[],"jetpack_sharing_enabled":true,"wcpa_form_fields":null,"_links":{"self":[{"href":"https:\/\/shop.airocollect.com\/fr\/wp-json\/wp\/v2\/product\/11703"}],"collection":[{"href":"https:\/\/shop.airocollect.com\/fr\/wp-json\/wp\/v2\/product"}],"about":[{"href":"https:\/\/shop.airocollect.com\/fr\/wp-json\/wp\/v2\/types\/product"}],"wp:featuredmedia":[{"embeddable":true,"href":"https:\/\/shop.airocollect.com\/fr\/wp-json\/wp\/v2\/media\/13660"}],"wp:attachment":[{"href":"https:\/\/shop.airocollect.com\/fr\/wp-json\/wp\/v2\/media?parent=11703"}],"wp:term":[{"taxonomy":"product_cat","embeddable":true,"href":"https:\/\/shop.airocollect.com\/fr\/wp-json\/wp\/v2\/product_cat?post=11703"},{"taxonomy":"product_tag","embeddable":true,"href":"https:\/\/shop.airocollect.com\/fr\/wp-json\/wp\/v2\/product_tag?post=11703"}],"curies":[{"name":"wp","href":"https:\/\/api.w.org\/{rel}","templated":true}]}}