{"id":45339,"date":"2025-04-02T09:25:22","date_gmt":"2025-04-02T09:25:22","guid":{"rendered":"https:\/\/shop.airocollect.com\/polityka-prywatnosci\/"},"modified":"2025-04-02T09:25:22","modified_gmt":"2025-04-02T09:25:22","slug":"polityka-prywatnosci","status":"publish","type":"page","link":"https:\/\/shop.airocollect.com\/pl\/polityka-prywatnosci\/","title":{"rendered":"Polityka prywatno\u015bci"},"content":{"rendered":"<h2>CO?<\/h2>\n<p>To jest Polityka prywatno\u015bci Airobot NV. Airobot NV jest prywatn\u0105 sp\u00f3\u0142k\u0105 z ograniczon\u0105 odpowiedzialno\u015bci\u0105 utworzon\u0105 zgodnie z prawem belgijskim, kt\u00f3rej siedziba znajduje si\u0119 pod adresem 3800 Sint-Truiden, Lichtenberglaan 1090 i zarejestrowan\u0105 w &#8222;Kruispuntbank van Ondernemingen&#8221; pod numerem 0603.992.571 (&#8222;Airobot NV&#8221; lub &#8222;my&#8221;). <\/p>\n<p>Niniejsza Polityka prywatno\u015bci mo\u017ce zosta\u0107 zmodyfikowana, na przyk\u0142ad w odpowiedzi na nowe funkcje strony internetowej lub w celu spe\u0142nienia nowych zobowi\u0105za\u0144 prawnych, umownych lub administracyjnych. Dlatego zach\u0119camy do regularnego zapoznawania si\u0119 z niniejsz\u0105 Polityk\u0105 prywatno\u015bci. Wa\u017cne zmiany b\u0119d\u0105 og\u0142aszane za po\u015brednictwem naszej strony internetowej. Niniejsza wersja Polityki prywatno\u015bci zosta\u0142a ostatnio zmieniona 1 wrze\u015bnia 2023 r.   <\/p>\n<p>Podczas korzystania z naszych us\u0142ug prosimy o podanie pewnych danych osobowych. Dane te s\u0105 wykorzystywane do \u015bwiadczenia naszych us\u0142ug. Dane s\u0105 przechowywane na belgijskich serwerach.  <\/p>\n<p>Poni\u017cej przedstawiamy dalsze wyja\u015bnienia dotycz\u0105ce przetwarzania przez nas danych osobowych, kt\u00f3re odbywa si\u0119 za po\u015brednictwem strony internetowej airocollect.com i\/lub online, a tak\u017ce w ramach naszych us\u0142ug. Niniejsz\u0105 Polityk\u0119 prywatno\u015bci nale\u017cy czyta\u0107 razem z Polityk\u0105 plik\u00f3w cookie, kt\u00f3r\u0105 mo\u017cna znale\u017a\u0107 tutaj POLITYKA PLIK\u00d3W COOKIE. <\/p>\n<h2>ODPOWIEDZIALNY<\/h2>\n<p>Airobot NV jest <span style=\"font-size: 1rem; color: var( --e-global-color-text ); font-family: var( --e-global-typography-text-font-family ), Sans-serif; font-weight: var( --e-global-typography-text-font-weight ); background-color: var(--bs-body-bg); text-align: var(--bs-body-text-align);\">administratorem w zakresie przetwarzania i przechowywania danych osobowych.<\/span><\/p>\n<p>Gromadz\u0105c i przetwarzaj\u0105c dane osobowe u\u017cytkownik\u00f3w, przestrzegamy belgijskich przepis\u00f3w o ochronie danych osobowych, a tak\u017ce og\u00f3lnego rozporz\u0105dzenia o ochronie danych (&#8222;RODO&#8221;), kt\u00f3re wesz\u0142o w \u017cycie 25 maja 2018 r.<\/p>\n<p>Kontaktowy adres e-mail to: contact@airobot.eu z tematem &#8222;RODO &#8211; moje dane&#8221;.<\/p>\n<h2>CELE PRZETWARZANIA I PODSTAWA PRAWNA.<\/h2>\n<p>Celem tych operacji przetwarzania jest z jednej strony wykonanie um\u00f3w z naszymi klientami, zarz\u0105dzanie klientami, fakturowanie i ksi\u0119gowo\u015b\u0107, a z drugiej strony stosowanie ustawy z dnia 18 wrze\u015bnia 2017 r. o przeciwdzia\u0142aniu praniu pieni\u0119dzy i finansowaniu terroryzmu oraz o ograniczeniu korzystania z kontakt\u00f3w (dalej: przepisy dotycz\u0105ce przeciwdzia\u0142ania praniu pieni\u0119dzy).<\/p>\n<p>Podstaw\u0105 prawn\u0105 jest wykonanie umowy, wype\u0142nienie obowi\u0105zk\u00f3w prawnych i regulacyjnych i\/lub nasz uzasadniony interes.<\/p>\n<p><!-- \/wp:heading --><\/p>\n<p><!-- wp:paragraph --><\/p>\n<h2>PRZETWARZANIE DANYCH OSOBOWYCH<\/h2>\n<p>W zale\u017cno\u015bci od dzia\u0142alno\u015bci u\u017cytkownika i jego relacji z nasz\u0105 firm\u0105 przetwarzamy nast\u0119puj\u0105ce dane osobowe: Twoje osobiste dane identyfikacyjne; numer rejestru krajowego; dane identyfikacyjne zgodnie z przepisami dotycz\u0105cymi przeciwdzia\u0142ania praniu pieni\u0119dzy; dane dotycz\u0105ce wyp\u0142acalno\u015bci, ubezpieczenia; transakcje finansowe; numer CBE, dzia\u0142alno\u015b\u0107 zawodowa; umowy i ugody; licencje; dane osobowe; status imigranta; posiadane mandaty; skargi, incydenty lub wypadki; sk\u0142ad rodziny, ma\u0142\u017ce\u0144stwo lub obecna forma konkubinatu; cz\u0142onkostwo w stowarzyszeniach, organizacjach, grupach lub towarzystwach zawodowych; dane s\u0105dowe dotycz\u0105ce podejrze\u0144, skaza\u0144 i wyrok\u00f3w, \u015brodk\u00f3w s\u0105dowych lub sankcji administracyjnych; aktualne zatrudnienie; dane dotycz\u0105ce wynagrodzenia w zakresie niezb\u0119dnym do przetwarzania akt; dane os\u00f3b poni\u017cej 16 roku \u017cycia; materia\u0142y wizualne i d\u017awi\u0119kowe niezb\u0119dne do przetwarzania akt lub w kontek\u015bcie szkolenia lub wydarzenia.<\/p>\n<p>W ramach wsp\u00f3\u0142pracy z Airobot NV dane te mog\u0105 by\u0107 ujawniane stronom trzecim, o ile odbywa si\u0119 to w ramach us\u0142ugi i konieczno\u015bci pliku (np. notariusz, s\u0105d, komornik, &#8230;).<\/p>\n<p>Dane te nie b\u0119d\u0105 wykorzystywane do cel\u00f3w komercyjnych. Airobot NV mo\u017ce przechowywa\u0107 te dane w swojej bazie danych i wykorzystywa\u0107 je do wysy\u0142ania wiadomo\u015bci, w tym wiadomo\u015bci handlowych, do Klienta w kontek\u015bcie swoich us\u0142ug. <\/p>\n<h2>OSTRZE\u017bENIE<\/h2>\n<p>W wyniku korzystania z komunikacji cyfrowej i korzystania z r\u00f3\u017cnych aplikacji, takich jak Messenger, Facetime, WhatsApp, We transfer, Zoom, wideokonferencje itp. w ramach naszych us\u0142ug, nie jest wykluczone, \u017ce cyfrowe \u015brodki komunikacji s\u0105 wykorzystywane zar\u00f3wno przez Ciebie, jak i przeze mnie lub osob\u0119 przeze mnie wyznaczon\u0105. Nale\u017cy pami\u0119ta\u0107, \u017ce korzystanie z tych \u015brodk\u00f3w komunikacji nie mo\u017ce zagwarantowa\u0107 takiej samej absolutnej poufno\u015bci jak konsultacja twarz\u0105 w twarz. Je\u015bli klient nie mo\u017ce si\u0119 na to zgodzi\u0107, powinien wyra\u017anie poprosi\u0107 o osobist\u0105 konsultacj\u0119. Decyduj\u0105c si\u0119 na spotkanie cyfrowe z nagrywaniem rozmowy, klient musi wyrazi\u0107 pisemn\u0105 zgod\u0119 na dane Airobot NV przed t\u0105 konsultacj\u0105. W \u017cadnym wypadku Airobot NV w \u017caden spos\u00f3b nie zezwala na nagrywanie lub rejestrowanie profesjonalnej rozmowy w jakikolwiek spos\u00f3b bez jego wyra\u017anej, uprzedniej i pisemnej zgody.    <\/p>\n<p><!-- \/wp:paragraph --><\/p>\n<p><!-- wp:heading --><\/p>\n<h2>CZAS TRWANIA PRZETWARZANIA<\/h2>\n<p>Dane osobowe b\u0119d\u0105 przechowywane i przetwarzane przez nas przez okres niezb\u0119dny do realizacji cel\u00f3w przetwarzania oraz w ramach relacji (umownej lub innej) \u0142\u0105cz\u0105cej nas z u\u017cytkownikiem.<\/p>\n<p>W ka\u017cdym przypadku dane u\u017cytkownika zostan\u0105 usuni\u0119te z naszych system\u00f3w po up\u0142ywie pi\u0119ciu lat od zako\u0144czenia umowy, pliku, wsp\u00f3\u0142pracy lub projektu, z wyj\u0105tkiem takich danych osobowych, kt\u00f3re jeste\u015bmy zobowi\u0105zani przechowywa\u0107 d\u0142u\u017cej na podstawie szczeg\u00f3lnych przepis\u00f3w prawa lub w przypadku tocz\u0105cego si\u0119 sporu, dla kt\u00f3rego dane osobowe s\u0105 nadal niezb\u0119dne.<\/p>","protected":false},"excerpt":{"rendered":"<p>CO? To jest Polityka prywatno\u015bci Airobot NV. Airobot NV jest prywatn\u0105 sp\u00f3\u0142k\u0105 z ograniczon\u0105 odpowiedzialno\u015bci\u0105 utworzon\u0105 zgodnie z prawem belgijskim, [&hellip;]<\/p>\n","protected":false},"author":1,"featured_media":0,"parent":0,"menu_order":0,"comment_status":"closed","ping_status":"closed","template":"","meta":{"_acf_changed":false,"site-sidebar-layout":"default","site-content-layout":"","ast-site-content-layout":"","site-content-style":"default","site-sidebar-style":"default","ast-global-header-display":"","ast-banner-title-visibility":"","ast-main-header-display":"","ast-hfb-above-header-display":"","ast-hfb-below-header-display":"","ast-hfb-mobile-header-display":"","site-post-title":"","ast-breadcrumbs-content":"","ast-featured-img":"","footer-sml-layout":"","theme-transparent-header-meta":"","adv-header-id-meta":"","stick-header-meta":"","header-above-stick-meta":"","header-main-stick-meta":"","header-below-stick-meta":"","astra-migrate-meta-layouts":"default","ast-page-background-enabled":"default","ast-page-background-meta":{"desktop":{"background-color":"var(--ast-global-color-5)","background-image":"","background-repeat":"repeat","background-position":"center center","background-size":"auto","background-attachment":"scroll","background-type":"","background-media":"","overlay-type":"","overlay-color":"","overlay-opacity":"","overlay-gradient":""},"tablet":{"background-color":"","background-image":"","background-repeat":"repeat","background-position":"center center","background-size":"auto","background-attachment":"scroll","background-type":"","background-media":"","overlay-type":"","overlay-color":"","overlay-opacity":"","overlay-gradient":""},"mobile":{"background-color":"","background-image":"","background-repeat":"repeat","background-position":"center center","background-size":"auto","background-attachment":"scroll","background-type":"","background-media":"","overlay-type":"","overlay-color":"","overlay-opacity":"","overlay-gradient":""}},"ast-content-background-meta":{"desktop":{"background-color":"var(--ast-global-color-4)","background-image":"","background-repeat":"repeat","background-position":"center center","background-size":"auto","background-attachment":"scroll","background-type":"","background-media":"","overlay-type":"","overlay-color":"","overlay-opacity":"","overlay-gradient":""},"tablet":{"background-color":"var(--ast-global-color-4)","background-image":"","background-repeat":"repeat","background-position":"center center","background-size":"auto","background-attachment":"scroll","background-type":"","background-media":"","overlay-type":"","overlay-color":"","overlay-opacity":"","overlay-gradient":""},"mobile":{"background-color":"var(--ast-global-color-4)","background-image":"","background-repeat":"repeat","background-position":"center center","background-size":"auto","background-attachment":"scroll","background-type":"","background-media":"","overlay-type":"","overlay-color":"","overlay-opacity":"","overlay-gradient":""}},"footnotes":""},"acf":[],"jetpack_sharing_enabled":true,"_links":{"self":[{"href":"https:\/\/shop.airocollect.com\/pl\/wp-json\/wp\/v2\/pages\/45339"}],"collection":[{"href":"https:\/\/shop.airocollect.com\/pl\/wp-json\/wp\/v2\/pages"}],"about":[{"href":"https:\/\/shop.airocollect.com\/pl\/wp-json\/wp\/v2\/types\/page"}],"author":[{"embeddable":true,"href":"https:\/\/shop.airocollect.com\/pl\/wp-json\/wp\/v2\/users\/1"}],"replies":[{"embeddable":true,"href":"https:\/\/shop.airocollect.com\/pl\/wp-json\/wp\/v2\/comments?post=45339"}],"version-history":[{"count":1,"href":"https:\/\/shop.airocollect.com\/pl\/wp-json\/wp\/v2\/pages\/45339\/revisions"}],"predecessor-version":[{"id":45340,"href":"https:\/\/shop.airocollect.com\/pl\/wp-json\/wp\/v2\/pages\/45339\/revisions\/45340"}],"wp:attachment":[{"href":"https:\/\/shop.airocollect.com\/pl\/wp-json\/wp\/v2\/media?parent=45339"}],"curies":[{"name":"wp","href":"https:\/\/api.w.org\/{rel}","templated":true}]}}